{"id":13970,"date":"2023-08-02T21:35:29","date_gmt":"2023-08-02T21:35:29","guid":{"rendered":"https:\/\/quintellaseguros.com.br\/?page_id=13970"},"modified":"2023-09-22T18:46:00","modified_gmt":"2023-09-22T18:46:00","slug":"seguro-residencial","status":"publish","type":"page","link":"https:\/\/quintellaseguros.com.br\/index.php\/servicos\/seguro-residencial\/","title":{"rendered":"Seguro residencial"},"content":{"rendered":"\n<p><strong>Proteja Seu Lar com o Seguro Residencial da Quintella Seguros<\/strong><\/p>\n\n\n\n<p>Voc\u00ea j\u00e1 parou para pensar em todos os imprevistos que podem acontecer em sua casa? Inc\u00eandios, roubos, danos causados por intemp\u00e9ries naturais\u2026 Situa\u00e7\u00f5es como essas podem trazer grandes preju\u00edzos e abalar a seguran\u00e7a do seu lar e da sua fam\u00edlia. \u00c9 por isso que o seguro residencial \u00e9 uma medida essencial para proteger o seu patrim\u00f4nio e garantir a tranquilidade que voc\u00ea merece.<\/p>\n\n\n\n<p><strong>Como Funciona o Seguro Residencial?<\/strong><\/p>\n\n\n\n<p>O seguro residencial \u00e9 um contrato que oferece cobertura para diversos eventos e situa\u00e7\u00f5es que podem causar danos \u00e0 sua casa e ao seu conte\u00fado. Ele pode incluir prote\u00e7\u00e3o contra inc\u00eandios, roubos, furtos, danos causados por queda de raio, vendavais, alagamentos e muito mais. Al\u00e9m disso, \u00e9 poss\u00edvel adicionar coberturas adicionais, como assist\u00eancia 24 horas.<\/p>\n\n\n\n<p>Na Quintella Seguros, oferecemos planos de seguro residencial totalmente personalizados, de acordo com as necessidades espec\u00edficas do seu lar. Nossa equipe de especialistas est\u00e1 preparada para orient\u00e1-lo na escolha das coberturas ideais para a sua situa\u00e7\u00e3o, garantindo que voc\u00ea esteja protegido contra todos os riscos poss\u00edveis.<\/p>\n\n\n\n<p><strong>Por que Escolher a Quintella Seguros?<\/strong><\/p>\n\n\n\n<p>Com mais de 80 anos de tradi\u00e7\u00e3o no mercado, a Quintella Seguros \u00e9 sin\u00f4nimo de confian\u00e7a e qualidade. Nossa experi\u00eancia e expertise nos tornam especialistas em cuidar do seu patrim\u00f4nio, proporcionando a prote\u00e7\u00e3o e seguran\u00e7a que voc\u00ea merece.<\/p>\n\n\n\n<p>Ao escolher a Quintella para o seu seguro residencial, voc\u00ea conta com uma ampla rede de parceiros e oficinas credenciadas, garantindo que qualquer eventual sinistro seja resolvido de forma \u00e1gil e eficiente. Al\u00e9m disso, nossa equipe est\u00e1 sempre \u00e0 disposi\u00e7\u00e3o para prestar assist\u00eancia, esclarecer d\u00favidas e oferecer o melhor atendimento para nossos clientes.<\/p>\n\n\n\n<p>Proteja o seu lar, a sua fam\u00edlia e os seus bens mais preciosos com o seguro residencial da Quintella Seguros. Tenha a tranquilidade de saber que, em caso de imprevistos, voc\u00ea estar\u00e1 amparado por uma empresa s\u00f3lida e comprometida com a sua seguran\u00e7a financeira.<\/p>\n\n\n\n<p>Fa\u00e7a uma cota\u00e7\u00e3o conosco e descubra todas as vantagens que o seguro residencial da Quintella pode oferecer para voc\u00ea e sua fam\u00edlia. Conte com a nossa dedica\u00e7\u00e3o em oferecer as melhores solu\u00e7\u00f5es para as suas necessidades e garanta a prote\u00e7\u00e3o completa do seu lar.<\/p>\n","protected":false},"excerpt":{"rendered":"<p>Proteja Seu Lar com o Seguro Residencial da Quintella Seguros Voc\u00ea j\u00e1 parou para pensar em todos os imprevistos que podem acontecer em sua casa? Inc\u00eandios, roubos, danos causados por intemp\u00e9ries naturais\u2026 Situa\u00e7\u00f5es como essas podem trazer grandes preju\u00edzos e abalar a seguran\u00e7a do seu lar e da sua fam\u00edlia. \u00c9 por isso que o [&hellip;]<\/p>\n","protected":false},"author":1,"featured_media":13971,"parent":13968,"menu_order":0,"comment_status":"closed","ping_status":"closed","template":"","meta":{"footnotes":""},"class_list":["post-13970","page","type-page","status-publish","has-post-thumbnail","hentry"],"aioseo_notices":[],"_links":{"self":[{"href":"https:\/\/quintellaseguros.com.br\/index.php\/wp-json\/wp\/v2\/pages\/13970","targetHints":{"allow":["GET"]}}],"collection":[{"href":"https:\/\/quintellaseguros.com.br\/index.php\/wp-json\/wp\/v2\/pages"}],"about":[{"href":"https:\/\/quintellaseguros.com.br\/index.php\/wp-json\/wp\/v2\/types\/page"}],"author":[{"embeddable":true,"href":"https:\/\/quintellaseguros.com.br\/index.php\/wp-json\/wp\/v2\/users\/1"}],"replies":[{"embeddable":true,"href":"https:\/\/quintellaseguros.com.br\/index.php\/wp-json\/wp\/v2\/comments?post=13970"}],"version-history":[{"count":3,"href":"https:\/\/quintellaseguros.com.br\/index.php\/wp-json\/wp\/v2\/pages\/13970\/revisions"}],"predecessor-version":[{"id":14100,"href":"https:\/\/quintellaseguros.com.br\/index.php\/wp-json\/wp\/v2\/pages\/13970\/revisions\/14100"}],"up":[{"embeddable":true,"href":"https:\/\/quintellaseguros.com.br\/index.php\/wp-json\/wp\/v2\/pages\/13968"}],"wp:featuredmedia":[{"embeddable":true,"href":"https:\/\/quintellaseguros.com.br\/index.php\/wp-json\/wp\/v2\/media\/13971"}],"wp:attachment":[{"href":"https:\/\/quintellaseguros.com.br\/index.php\/wp-json\/wp\/v2\/media?parent=13970"}],"curies":[{"name":"wp","href":"https:\/\/api.w.org\/{rel}","templated":true}]}}