{"id":13993,"date":"2023-08-03T18:43:18","date_gmt":"2023-08-03T18:43:18","guid":{"rendered":"https:\/\/quintellaseguros.com.br\/?page_id=13993"},"modified":"2023-09-22T18:47:52","modified_gmt":"2023-09-22T18:47:52","slug":"seguro-viagem","status":"publish","type":"page","link":"https:\/\/quintellaseguros.com.br\/index.php\/servicos\/seguro-viagem\/","title":{"rendered":"Seguro Viagem"},"content":{"rendered":"\n<p><strong>Seguro Viagem: Viaje com Tranquilidade e Prote\u00e7\u00e3o<\/strong><\/p>\n\n\n\n<p>Viajar \u00e9 uma das melhores experi\u00eancias que podemos ter, seja a lazer ou a neg\u00f3cios. Mas para garantir que sua viagem seja realmente inesquec\u00edvel, \u00e9 essencial estar preparado para qualquer imprevisto que possa surgir. Com o Seguro Viagem da Quintella, voc\u00ea ter\u00e1 a seguran\u00e7a e a tranquilidade necess\u00e1rias para aproveitar cada momento sem preocupa\u00e7\u00f5es.<\/p>\n\n\n\n<p><strong>O que \u00e9 o Seguro Viagem?<\/strong><\/p>\n\n\n\n<p>O Seguro Viagem \u00e9 um servi\u00e7o essencial para quem deseja viajar com seguran\u00e7a. Ele oferece prote\u00e7\u00e3o e assist\u00eancia em casos de emerg\u00eancias m\u00e9dicas, extravio de bagagem, cancelamento de voo e outras situa\u00e7\u00f5es imprevistas que possam ocorrer durante sua viagem.<\/p>\n\n\n\n<p><strong>Por que Contratar o Seguro Viagem da Quintella?<\/strong><\/p>\n\n\n\n<p>Com a Quintella Seguros, voc\u00ea conta com um seguro viagem completo, que se adapta \u00e0s suas necessidades e ao seu destino. Nossa equipe de especialistas est\u00e1 preparada para oferecer um atendimento personalizado e solu\u00e7\u00f5es sob medida para cada tipo de viagem.<\/p>\n\n\n\n<p><strong>Principais Coberturas do Seguro Viagem da Quintella:<\/strong><\/p>\n\n\n\n<ul class=\"wp-block-list\">\n<li><strong>Assist\u00eancia M\u00e9dica:<\/strong> Atendimento m\u00e9dico e hospitalar em caso de acidentes ou doen\u00e7as durante a viagem.<\/li>\n\n\n\n<li><strong>Odontol\u00f3gico:<\/strong> Cobertura para tratamentos odontol\u00f3gicos de emerg\u00eancia.<\/li>\n\n\n\n<li><strong>Extravio de Bagagem:<\/strong> Prote\u00e7\u00e3o contra perda, roubo ou danos \u00e0 bagagem despachada.<\/li>\n\n\n\n<li><strong>Cancelamento de Viagem:<\/strong> Reembolso de despesas em caso de cancelamento ou interrup\u00e7\u00e3o da viagem.<\/li>\n\n\n\n<li><strong>Repatria\u00e7\u00e3o Sanit\u00e1ria e Funer\u00e1ria:<\/strong> Garantia de retorno ao pa\u00eds de origem em caso de problemas de sa\u00fade graves ou repatria\u00e7\u00e3o em caso de falecimento.<\/li>\n<\/ul>\n\n\n\n<p><strong>Por que Viajar com a Quintella Seguros?<\/strong><\/p>\n\n\n\n<ul class=\"wp-block-list\">\n<li><strong>Experi\u00eancia e Confiabilidade:<\/strong> Com mais de 80 anos no mercado, somos uma das seguradoras mais tradicionais e confi\u00e1veis do Brasil.<\/li>\n\n\n\n<li><strong>Ampla Rede de Atendimento:<\/strong> Trabalhamos com uma ampla rede de prestadores de servi\u00e7os em todo o mundo, garantindo uma assist\u00eancia r\u00e1pida e eficiente.<\/li>\n<\/ul>\n\n\n\n<p><strong>N\u00e3o deixe que imprevistos estraguem sua viagem dos sonhos. Contrate o Seguro Viagem da Quintella e aproveite cada momento com tranquilidade e seguran\u00e7a. Fa\u00e7a uma cota\u00e7\u00e3o conosco e descubra como podemos tornar sua viagem ainda mais especial.<\/strong><\/p>\n","protected":false},"excerpt":{"rendered":"<p>Seguro Viagem: Viaje com Tranquilidade e Prote\u00e7\u00e3o Viajar \u00e9 uma das melhores experi\u00eancias que podemos ter, seja a lazer ou a neg\u00f3cios. Mas para garantir que sua viagem seja realmente inesquec\u00edvel, \u00e9 essencial estar preparado para qualquer imprevisto que possa surgir. Com o Seguro Viagem da Quintella, voc\u00ea ter\u00e1 a seguran\u00e7a e a tranquilidade necess\u00e1rias [&hellip;]<\/p>\n","protected":false},"author":1,"featured_media":13994,"parent":13968,"menu_order":0,"comment_status":"closed","ping_status":"closed","template":"","meta":{"footnotes":""},"class_list":["post-13993","page","type-page","status-publish","has-post-thumbnail","hentry"],"aioseo_notices":[],"_links":{"self":[{"href":"https:\/\/quintellaseguros.com.br\/index.php\/wp-json\/wp\/v2\/pages\/13993","targetHints":{"allow":["GET"]}}],"collection":[{"href":"https:\/\/quintellaseguros.com.br\/index.php\/wp-json\/wp\/v2\/pages"}],"about":[{"href":"https:\/\/quintellaseguros.com.br\/index.php\/wp-json\/wp\/v2\/types\/page"}],"author":[{"embeddable":true,"href":"https:\/\/quintellaseguros.com.br\/index.php\/wp-json\/wp\/v2\/users\/1"}],"replies":[{"embeddable":true,"href":"https:\/\/quintellaseguros.com.br\/index.php\/wp-json\/wp\/v2\/comments?post=13993"}],"version-history":[{"count":2,"href":"https:\/\/quintellaseguros.com.br\/index.php\/wp-json\/wp\/v2\/pages\/13993\/revisions"}],"predecessor-version":[{"id":14104,"href":"https:\/\/quintellaseguros.com.br\/index.php\/wp-json\/wp\/v2\/pages\/13993\/revisions\/14104"}],"up":[{"embeddable":true,"href":"https:\/\/quintellaseguros.com.br\/index.php\/wp-json\/wp\/v2\/pages\/13968"}],"wp:featuredmedia":[{"embeddable":true,"href":"https:\/\/quintellaseguros.com.br\/index.php\/wp-json\/wp\/v2\/media\/13994"}],"wp:attachment":[{"href":"https:\/\/quintellaseguros.com.br\/index.php\/wp-json\/wp\/v2\/media?parent=13993"}],"curies":[{"name":"wp","href":"https:\/\/api.w.org\/{rel}","templated":true}]}}