{"id":14039,"date":"2023-08-03T21:09:43","date_gmt":"2023-08-03T21:09:43","guid":{"rendered":"https:\/\/quintellaseguros.com.br\/?page_id=14039"},"modified":"2023-08-03T21:14:51","modified_gmt":"2023-08-03T21:14:51","slug":"blog","status":"publish","type":"page","link":"https:\/\/quintellaseguros.com.br\/index.php\/blog\/","title":{"rendered":"Blog"},"content":{"rendered":"\t\t<div data-elementor-type=\"wp-page\" data-elementor-id=\"14039\" class=\"elementor elementor-14039\" data-elementor-post-type=\"page\">\n\t\t\t\t\t\t\t\t\t<section class=\"elementor-section elementor-top-section elementor-element elementor-element-8235694 elementor-section-height-min-height bdt-particles-yes elementor-section-boxed elementor-section-height-default elementor-section-items-middle\" data-id=\"8235694\" data-element_type=\"section\" data-settings=\"{&quot;background_background&quot;:&quot;classic&quot;,&quot;section_particles_on&quot;:&quot;yes&quot;,&quot;section_particles_js&quot;:&quot;{\\n  \\&quot;particles\\&quot;: {\\n    \\&quot;number\\&quot;: {\\n      \\&quot;value\\&quot;: 6,\\n      \\&quot;density\\&quot;: {\\n        \\&quot;enable\\&quot;: true,\\n        \\&quot;value_area\\&quot;: 800\\n      }\\n    },\\n    \\&quot;color\\&quot;: {\\n      \\&quot;value\\&quot;: \\&quot;#d2d7ff\\&quot;\\n    },\\n    \\&quot;shape\\&quot;: {\\n      \\&quot;type\\&quot;: \\&quot;polygon\\&quot;,\\n      \\&quot;stroke\\&quot;: {\\n        \\&quot;width\\&quot;: 0,\\n        \\&quot;color\\&quot;: \\&quot;#000\\&quot;\\n      },\\n      \\&quot;polygon\\&quot;: {\\n        \\&quot;nb_sides\\&quot;: 6\\n      },\\n      \\&quot;image\\&quot;: {\\n        \\&quot;src\\&quot;: \\&quot;img\\\/github.svg\\&quot;,\\n        \\&quot;width\\&quot;: 100,\\n        \\&quot;height\\&quot;: 100\\n      }\\n    },\\n    \\&quot;opacity\\&quot;: {\\n      \\&quot;value\\&quot;: 0.1,\\n      \\&quot;random\\&quot;: true,\\n      \\&quot;anim\\&quot;: {\\n        \\&quot;enable\\&quot;: false,\\n        \\&quot;speed\\&quot;: 1,\\n        \\&quot;opacity_min\\&quot;: 0.1,\\n        \\&quot;sync\\&quot;: false\\n      }\\n    },\\n    \\&quot;size\\&quot;: {\\n      \\&quot;value\\&quot;: 160,\\n      \\&quot;random\\&quot;: false,\\n      \\&quot;anim\\&quot;: {\\n        \\&quot;enable\\&quot;: true,\\n        \\&quot;speed\\&quot;: 10,\\n        \\&quot;size_min\\&quot;: 40,\\n        \\&quot;sync\\&quot;: false\\n      }\\n    },\\n    \\&quot;line_linked\\&quot;: {\\n      \\&quot;enable\\&quot;: false,\\n      \\&quot;distance\\&quot;: 200,\\n      \\&quot;color\\&quot;: \\&quot;#ffffff\\&quot;,\\n      \\&quot;opacity\\&quot;: 1,\\n      \\&quot;width\\&quot;: 2\\n    },\\n    \\&quot;move\\&quot;: {\\n      \\&quot;enable\\&quot;: true,\\n      \\&quot;speed\\&quot;: 8,\\n      \\&quot;direction\\&quot;: \\&quot;none\\&quot;,\\n      \\&quot;random\\&quot;: false,\\n      \\&quot;straight\\&quot;: false,\\n      \\&quot;out_mode\\&quot;: \\&quot;out\\&quot;,\\n      \\&quot;bounce\\&quot;: false,\\n      \\&quot;attract\\&quot;: {\\n        \\&quot;enable\\&quot;: false,\\n        \\&quot;rotateX\\&quot;: 600,\\n        \\&quot;rotateY\\&quot;: 1200\\n      }\\n    }\\n  },\\n  \\&quot;interactivity\\&quot;: {\\n    \\&quot;detect_on\\&quot;: \\&quot;canvas\\&quot;,\\n    \\&quot;events\\&quot;: {\\n      \\&quot;onhover\\&quot;: {\\n        \\&quot;enable\\&quot;: false,\\n        \\&quot;mode\\&quot;: \\&quot;grab\\&quot;\\n      },\\n      \\&quot;onclick\\&quot;: {\\n        \\&quot;enable\\&quot;: false,\\n        \\&quot;mode\\&quot;: \\&quot;push\\&quot;\\n      },\\n      \\&quot;resize\\&quot;: true\\n    },\\n    \\&quot;modes\\&quot;: {\\n      \\&quot;grab\\&quot;: {\\n        \\&quot;distance\\&quot;: 400,\\n        \\&quot;line_linked\\&quot;: {\\n          \\&quot;opacity\\&quot;: 1\\n        }\\n      },\\n      \\&quot;bubble\\&quot;: {\\n        \\&quot;distance\\&quot;: 400,\\n        \\&quot;size\\&quot;: 40,\\n        \\&quot;duration\\&quot;: 2,\\n        \\&quot;opacity\\&quot;: 8,\\n        \\&quot;speed\\&quot;: 3\\n      },\\n      \\&quot;repulse\\&quot;: {\\n        \\&quot;distance\\&quot;: 200,\\n        \\&quot;duration\\&quot;: 0.4\\n      },\\n      \\&quot;push\\&quot;: {\\n        \\&quot;particles_nb\\&quot;: 4\\n      },\\n      \\&quot;remove\\&quot;: {\\n        \\&quot;particles_nb\\&quot;: 2\\n      }\\n    }\\n  },\\n  \\&quot;retina_detect\\&quot;: true\\n}&quot;}\">\n\t\t\t\t\t\t\t<div class=\"elementor-background-overlay\"><\/div>\n\t\t\t\t\t\t\t<div class=\"elementor-container elementor-column-gap-default\">\n\t\t\t\t\t<div class=\"aux-parallax-section elementor-column elementor-col-100 elementor-top-column elementor-element elementor-element-3d755a1\" data-id=\"3d755a1\" data-element_type=\"column\">\n\t\t\t<div class=\"elementor-widget-wrap elementor-element-populated\">\n\t\t\t\t\t\t\t\t<div class=\"elementor-element elementor-element-6d5d444 elementor-widget elementor-widget-heading\" data-id=\"6d5d444\" data-element_type=\"widget\" data-widget_type=\"heading.default\">\n\t\t\t\t<div class=\"elementor-widget-container\">\n\t\t\t<h2 class=\"elementor-heading-title elementor-size-default\">Nossas dicas para voc\u00ea<\/h2>\t\t<\/div>\n\t\t\t\t<\/div>\n\t\t\t\t\t<\/div>\n\t\t<\/div>\n\t\t\t\t\t\t\t<\/div>\n\t\t<\/section>\n\t\t\t\t<section class=\"elementor-section elementor-top-section elementor-element elementor-element-78ec8ba elementor-section-boxed elementor-section-height-default elementor-section-height-default\" data-id=\"78ec8ba\" data-element_type=\"section\">\n\t\t\t\t\t\t<div class=\"elementor-container elementor-column-gap-wide\">\n\t\t\t\t\t<div class=\"aux-parallax-section elementor-column elementor-col-100 elementor-top-column elementor-element elementor-element-12ebdf7\" data-id=\"12ebdf7\" data-element_type=\"column\">\n\t\t\t<div class=\"elementor-widget-wrap elementor-element-populated\">\n\t\t\t\t\t\t\t\t<div class=\"elementor-element elementor-element-cc27a53 elementor-widget elementor-widget-aux_recent_posts\" data-id=\"cc27a53\" data-element_type=\"widget\" data-settings=\"{&quot;columns&quot;:&quot;3&quot;,&quot;columns_tablet&quot;:&quot;inherit&quot;,&quot;columns_mobile&quot;:&quot;1&quot;}\" data-widget_type=\"aux_recent_posts.default\">\n\t\t\t\t<div class=\"elementor-widget-container\">\n\t\t\t<script>auxinNS(\"auxin.content.loadmore.au8cb05651\"); auxin.content.loadmore.au8cb05651={\"nonce\":\"9579daf42f\",\"args\":{\"title\":\"\",\"subtitle\":\"\",\"cat\":[\" \"],\"num\":9999,\"only_posts__in\":\"\",\"include\":\"\",\"exclude\":\"\",\"offset\":\"\",\"paged\":\"\",\"post_type\":\"post\",\"taxonomy_name\":\"category\",\"order_by\":\"date\",\"order\":\"DESC\",\"exclude_without_media\":\"yes\",\"exclude_custom_post_formats\":\"yes\",\"exclude_quote_link\":\"yes\",\"include_post_formats_in\":null,\"exclude_post_formats_in\":[],\"size\":\"\",\"display_title\":\"yes\",\"words_num\":6,\"show_media\":\"yes\",\"display_like\":\"yes\",\"display_comments\":\"yes\",\"display_categories\":null,\"max_taxonomy_num\":null,\"show_badge\":\"no\",\"content_layout\":\"entry-boxed\",\"excerpt_len\":100,\"show_excerpt\":\"yes\",\"show_content\":\"yes\",\"show_info\":\"\",\"show_format_icon\":\"no\",\"show_date\":null,\"ignore_formats\":\"no\",\"post_info_position\":null,\"author_or_readmore\":\"none\",\"image_aspect_ratio\":\"0.75\",\"meta_info_position\":\"after-content\",\"desktop_cnum\":\"3\",\"tablet_cnum\":\"inherit\",\"phone_cnum\":\"1\",\"preview_mode\":\"grid\",\"grid_table_hover\":\"bgimage-bgcolor\",\"tag\":\"\",\"display_author_footer\":null,\"display_author_header\":\"\",\"preloadable\":\"yes\",\"preload_preview\":\"yes\",\"preload_bgcolor\":null,\"extra_classes\":\"\",\"extra_column_classes\":\"\",\"custom_el_id\":\"\",\"carousel_space\":null,\"carousel_autoplay\":null,\"carousel_autoplay_delay\":null,\"carousel_navigation\":null,\"carousel_navigation_control\":null,\"carousel_nav_control_pos\":null,\"carousel_nav_control_skin\":null,\"carousel_loop\":null,\"request_from\":\"\",\"template_part_file\":\"theme-parts\\\/entry\\\/post-column\",\"extra_template_path\":\"\",\"universal_id\":\"au8cb05651\",\"reset_query\":true,\"wp_query_args\":[],\"custom_wp_query\":\"\",\"loadmore_type\":\"next\",\"loadmore_per_page\":9999,\"content\":null,\"skip_wrappers\":true,\"content_width\":2000,\"inview_transition\":\"none\",\"inview_duration\":\"\",\"inview_delay\":\"\",\"inview_repeat\":\"no\",\"inview_offset\":\"\",\"called_from\":\"\"},\"handler\":\"aux_recent_posts\",\"per_page\":9999};<\/script><section class=\"widget-container aux-ajax-type-next aux-widget-recent-posts aux-parent-au8cb05651\"><div data-element-id=\"au8cb05651\" class=\"aux-match-height aux-row aux-de-col3 aux-tb-col3 aux-mb-col1 aux-total-4 aux-entry-boxed aux-no-meta aux-ajax-view  \"><div class=\"aux-col aux-ajax-item post-13806\">\n                        <article class=\"post column-entry post-13806 type-post status-publish format-standard has-post-thumbnail hentry category-uncategorized\">\n                                                        <div class=\"entry-media\"><div class=\"aux-media-frame aux-media-image aux-image-mask\"><a href=\"https:\/\/quintellaseguros.com.br\/index.php\/2023\/08\/01\/vale-a-pena-fazer-seguro-viagem\/\"><img loading=\"lazy\" decoding=\"async\" width=\"636\" height=\"477\" src=\"https:\/\/quintellaseguros.com.br\/wp-content\/uploads\/2023\/08\/melhor-seguro-viagem-capa2019-03-40x30.jpg\" class=\"aux-attachment aux-featured-image attachment-636.66666666667x477.5 aux-attachment-id-13807  aux-preload aux-has-preview\" alt=\"01-matriz-noticias-new\" data-ratio=\"1.33\" data-original-w=\"1640\" sizes=\"auto\" data-srcset=\"https:\/\/quintellaseguros.com.br\/wp-content\/uploads\/2023\/08\/melhor-seguro-viagem-capa2019-03-150x113.jpg 150w,https:\/\/quintellaseguros.com.br\/wp-content\/uploads\/2023\/08\/melhor-seguro-viagem-capa2019-03-300x225.jpg 300w,https:\/\/quintellaseguros.com.br\/wp-content\/uploads\/2023\/08\/melhor-seguro-viagem-capa2019-03-768x576.jpg 768w,https:\/\/quintellaseguros.com.br\/wp-content\/uploads\/2023\/08\/melhor-seguro-viagem-capa2019-03-1024x768.jpg 1024w,https:\/\/quintellaseguros.com.br\/wp-content\/uploads\/2023\/08\/melhor-seguro-viagem-capa2019-03-637x478.jpg 637w,https:\/\/quintellaseguros.com.br\/wp-content\/uploads\/2023\/08\/melhor-seguro-viagem-capa2019-03-1630x1222.jpg 1630w\" data-src=\"https:\/\/quintellaseguros.com.br\/wp-content\/uploads\/2023\/08\/melhor-seguro-viagem-capa2019-03-637x478.jpg\" \/><\/a><\/div><\/div>\n                            \n                            <div class=\"entry-main\">\n                                                        \n                                <header class=\"entry-header\">\n                                \n                                    <h4 class=\"entry-title\">\n                                        <a href=\"https:\/\/quintellaseguros.com.br\/index.php\/2023\/08\/01\/vale-a-pena-fazer-seguro-viagem\/\">\n                                            Vale a pena fazer seguro viagem?                                        <\/a>\n                                    <\/h4>\n                                                                    <div class=\"entry-format\">\n                                        <a href=\"https:\/\/quintellaseguros.com.br\/index.php\/2023\/08\/01\/vale-a-pena-fazer-seguro-viagem\/\">\n                                            <div class=\"post-format format-\"> <\/div>\n                                        <\/a>\n                                    <\/div>\n                                <\/header>\n                            \n                                                            <div class=\"entry-content\">\n                                                                            <p>\nVale a pena fazer seguro viagem? Essa \u00e9 uma pergunta que muitas pessoas se fazem antes de embarcar  ...<\/p><div class=\"clear\"><\/div>                                <\/div>\n                                                        \n                            <\/div>\n\n                        <\/article>\n<\/div><div class=\"aux-col aux-ajax-item post-13803\">\n                        <article class=\"post column-entry post-13803 type-post status-publish format-standard has-post-thumbnail hentry category-uncategorized\">\n                                                        <div class=\"entry-media\"><div class=\"aux-media-frame aux-media-image aux-image-mask\"><a href=\"https:\/\/quintellaseguros.com.br\/index.php\/2023\/08\/01\/qual-melhor-seguro-para-mim\/\"><img loading=\"lazy\" decoding=\"async\" width=\"636\" height=\"477\" src=\"https:\/\/quintellaseguros.com.br\/wp-content\/uploads\/2023\/08\/herdeiros-seguro-de-vida-min-40x30.jpg\" class=\"aux-attachment aux-featured-image attachment-636.66666666667x477.5 aux-attachment-id-13804  aux-preload aux-has-preview\" alt=\"herdeiros-seguro-de-vida-min\" data-ratio=\"1.33\" data-original-w=\"2560\" sizes=\"auto\" data-srcset=\"https:\/\/quintellaseguros.com.br\/wp-content\/uploads\/2023\/08\/herdeiros-seguro-de-vida-min-150x113.jpg 150w,https:\/\/quintellaseguros.com.br\/wp-content\/uploads\/2023\/08\/herdeiros-seguro-de-vida-min-300x225.jpg 300w,https:\/\/quintellaseguros.com.br\/wp-content\/uploads\/2023\/08\/herdeiros-seguro-de-vida-min-768x576.jpg 768w,https:\/\/quintellaseguros.com.br\/wp-content\/uploads\/2023\/08\/herdeiros-seguro-de-vida-min-1024x768.jpg 1024w,https:\/\/quintellaseguros.com.br\/wp-content\/uploads\/2023\/08\/herdeiros-seguro-de-vida-min-637x478.jpg 637w,https:\/\/quintellaseguros.com.br\/wp-content\/uploads\/2023\/08\/herdeiros-seguro-de-vida-min-2550x1912.jpg 2550w\" data-src=\"https:\/\/quintellaseguros.com.br\/wp-content\/uploads\/2023\/08\/herdeiros-seguro-de-vida-min-637x478.jpg\" \/><\/a><\/div><\/div>\n                            \n                            <div class=\"entry-main\">\n                                                        \n                                <header class=\"entry-header\">\n                                \n                                    <h4 class=\"entry-title\">\n                                        <a href=\"https:\/\/quintellaseguros.com.br\/index.php\/2023\/08\/01\/qual-melhor-seguro-para-mim\/\">\n                                            Qual melhor seguro para mim?                                        <\/a>\n                                    <\/h4>\n                                                                    <div class=\"entry-format\">\n                                        <a href=\"https:\/\/quintellaseguros.com.br\/index.php\/2023\/08\/01\/qual-melhor-seguro-para-mim\/\">\n                                            <div class=\"post-format format-\"> <\/div>\n                                        <\/a>\n                                    <\/div>\n                                <\/header>\n                            \n                                                            <div class=\"entry-content\">\n                                                                            <p>\nA escolha do melhor seguro de vida para voc\u00ea depende de diversos fatores, como sua idade, estado de ...<\/p><div class=\"clear\"><\/div>                                <\/div>\n                                                        \n                            <\/div>\n\n                        <\/article>\n<\/div><div class=\"aux-col aux-ajax-item post-13800\">\n                        <article class=\"post column-entry post-13800 type-post status-publish format-standard has-post-thumbnail hentry category-uncategorized\">\n                                                        <div class=\"entry-media\"><div class=\"aux-media-frame aux-media-image aux-image-mask\"><a href=\"https:\/\/quintellaseguros.com.br\/index.php\/2023\/08\/01\/os-beneficios-de-ter-um-seguro-de-carro\/\"><img loading=\"lazy\" decoding=\"async\" width=\"636\" height=\"477\" src=\"https:\/\/quintellaseguros.com.br\/wp-content\/uploads\/2023\/08\/204493-entenda-como-funciona-a-contratacao-de-seguros-para-carros-40x30.jpg\" class=\"aux-attachment aux-featured-image attachment-636.66666666667x477.5 aux-attachment-id-13801  aux-preload aux-has-preview\" alt=\"204493-entenda-como-funciona-a-contratacao-de-seguros-para-carros\" data-ratio=\"1.33\" data-original-w=\"2000\" sizes=\"auto\" data-srcset=\"https:\/\/quintellaseguros.com.br\/wp-content\/uploads\/2023\/08\/204493-entenda-como-funciona-a-contratacao-de-seguros-para-carros-150x113.jpg 150w,https:\/\/quintellaseguros.com.br\/wp-content\/uploads\/2023\/08\/204493-entenda-como-funciona-a-contratacao-de-seguros-para-carros-300x225.jpg 300w,https:\/\/quintellaseguros.com.br\/wp-content\/uploads\/2023\/08\/204493-entenda-como-funciona-a-contratacao-de-seguros-para-carros-768x576.jpg 768w,https:\/\/quintellaseguros.com.br\/wp-content\/uploads\/2023\/08\/204493-entenda-como-funciona-a-contratacao-de-seguros-para-carros-1024x768.jpg 1024w,https:\/\/quintellaseguros.com.br\/wp-content\/uploads\/2023\/08\/204493-entenda-como-funciona-a-contratacao-de-seguros-para-carros-637x478.jpg 637w,https:\/\/quintellaseguros.com.br\/wp-content\/uploads\/2023\/08\/204493-entenda-como-funciona-a-contratacao-de-seguros-para-carros-1990x1492.jpg 1990w\" data-src=\"https:\/\/quintellaseguros.com.br\/wp-content\/uploads\/2023\/08\/204493-entenda-como-funciona-a-contratacao-de-seguros-para-carros-637x478.jpg\" \/><\/a><\/div><\/div>\n                            \n                            <div class=\"entry-main\">\n                                                        \n                                <header class=\"entry-header\">\n                                \n                                    <h4 class=\"entry-title\">\n                                        <a href=\"https:\/\/quintellaseguros.com.br\/index.php\/2023\/08\/01\/os-beneficios-de-ter-um-seguro-de-carro\/\">\n                                            Os Benef\u00edcios de Ter um Seguro&hellip;                                        <\/a>\n                                    <\/h4>\n                                                                    <div class=\"entry-format\">\n                                        <a href=\"https:\/\/quintellaseguros.com.br\/index.php\/2023\/08\/01\/os-beneficios-de-ter-um-seguro-de-carro\/\">\n                                            <div class=\"post-format format-\"> <\/div>\n                                        <\/a>\n                                    <\/div>\n                                <\/header>\n                            \n                                                            <div class=\"entry-content\">\n                                                                            <p>\nVoc\u00ea j\u00e1 se perguntou sobre a import\u00e2ncia de ter um seguro de carro? Al\u00e9m de ser uma exig\u00eancia legal ...<\/p><div class=\"clear\"><\/div>                                <\/div>\n                                                        \n                            <\/div>\n\n                        <\/article>\n<\/div><div class=\"aux-col aux-ajax-item post-13794\">\n                        <article class=\"post column-entry post-13794 type-post status-publish format-standard has-post-thumbnail hentry category-uncategorized\">\n                                                        <div class=\"entry-media\"><div class=\"aux-media-frame aux-media-image aux-image-mask\"><a href=\"https:\/\/quintellaseguros.com.br\/index.php\/2023\/08\/01\/aprenda-de-uma-vez-por-todas-o-segures\/\"><img loading=\"lazy\" decoding=\"async\" width=\"636\" height=\"477\" src=\"https:\/\/quintellaseguros.com.br\/wp-content\/uploads\/2023\/08\/genesis-seguros-importancia-corretor-40x30.jpg\" class=\"aux-attachment aux-featured-image attachment-636.66666666667x477.5 aux-attachment-id-13795  aux-preload aux-has-preview\" alt=\"genesis-seguros-importancia-corretor\" data-ratio=\"1.33\" data-original-w=\"1200\" sizes=\"auto\" data-srcset=\"https:\/\/quintellaseguros.com.br\/wp-content\/uploads\/2023\/08\/genesis-seguros-importancia-corretor-150x113.jpg 150w,https:\/\/quintellaseguros.com.br\/wp-content\/uploads\/2023\/08\/genesis-seguros-importancia-corretor-300x225.jpg 300w,https:\/\/quintellaseguros.com.br\/wp-content\/uploads\/2023\/08\/genesis-seguros-importancia-corretor-768x576.jpg 768w,https:\/\/quintellaseguros.com.br\/wp-content\/uploads\/2023\/08\/genesis-seguros-importancia-corretor-1024x768.jpg 1024w,https:\/\/quintellaseguros.com.br\/wp-content\/uploads\/2023\/08\/genesis-seguros-importancia-corretor-637x478.jpg 637w,https:\/\/quintellaseguros.com.br\/wp-content\/uploads\/2023\/08\/genesis-seguros-importancia-corretor-1190x892.jpg 1190w\" data-src=\"https:\/\/quintellaseguros.com.br\/wp-content\/uploads\/2023\/08\/genesis-seguros-importancia-corretor-637x478.jpg\" \/><\/a><\/div><\/div>\n                            \n                            <div class=\"entry-main\">\n                                                        \n                                <header class=\"entry-header\">\n                                \n                                    <h4 class=\"entry-title\">\n                                        <a href=\"https:\/\/quintellaseguros.com.br\/index.php\/2023\/08\/01\/aprenda-de-uma-vez-por-todas-o-segures\/\">\n                                            Aprenda de uma vez por todas&hellip;                                        <\/a>\n                                    <\/h4>\n                                                                    <div class=\"entry-format\">\n                                        <a href=\"https:\/\/quintellaseguros.com.br\/index.php\/2023\/08\/01\/aprenda-de-uma-vez-por-todas-o-segures\/\">\n                                            <div class=\"post-format format-\"> <\/div>\n                                        <\/a>\n                                    <\/div>\n                                <\/header>\n                            \n                                                            <div class=\"entry-content\">\n                                                                            <p>\nT\u00edtulo: Aprenda de uma vez por todas o \"segures\": Desvendando os mist\u00e9rios do mundo dos seguros\n\n\n\n ...<\/p><div class=\"clear\"><\/div>                                <\/div>\n                                                        \n                            <\/div>\n\n                        <\/article>\n<\/div><\/div><\/section><!-- widget-container -->\t\t<\/div>\n\t\t\t\t<\/div>\n\t\t\t\t\t<\/div>\n\t\t<\/div>\n\t\t\t\t\t\t\t<\/div>\n\t\t<\/section>\n\t\t\t\t\t\t\t<\/div>\n\t\t","protected":false},"excerpt":{"rendered":"<p>Nossas dicas para voc\u00ea Vale a pena fazer seguro viagem? Vale a pena fazer seguro viagem? Essa \u00e9 uma pergunta que muitas pessoas se fazem antes de embarcar &#8230; Qual melhor seguro para mim? A escolha do melhor seguro de vida para voc\u00ea depende de diversos fatores, como sua idade, estado de &#8230; Os Benef\u00edcios [&hellip;]<\/p>\n","protected":false},"author":1,"featured_media":0,"parent":0,"menu_order":0,"comment_status":"closed","ping_status":"closed","template":"elementor_header_footer","meta":{"footnotes":""},"class_list":["post-14039","page","type-page","status-publish","hentry"],"aioseo_notices":[],"_links":{"self":[{"href":"https:\/\/quintellaseguros.com.br\/index.php\/wp-json\/wp\/v2\/pages\/14039","targetHints":{"allow":["GET"]}}],"collection":[{"href":"https:\/\/quintellaseguros.com.br\/index.php\/wp-json\/wp\/v2\/pages"}],"about":[{"href":"https:\/\/quintellaseguros.com.br\/index.php\/wp-json\/wp\/v2\/types\/page"}],"author":[{"embeddable":true,"href":"https:\/\/quintellaseguros.com.br\/index.php\/wp-json\/wp\/v2\/users\/1"}],"replies":[{"embeddable":true,"href":"https:\/\/quintellaseguros.com.br\/index.php\/wp-json\/wp\/v2\/comments?post=14039"}],"version-history":[{"count":7,"href":"https:\/\/quintellaseguros.com.br\/index.php\/wp-json\/wp\/v2\/pages\/14039\/revisions"}],"predecessor-version":[{"id":14050,"href":"https:\/\/quintellaseguros.com.br\/index.php\/wp-json\/wp\/v2\/pages\/14039\/revisions\/14050"}],"wp:attachment":[{"href":"https:\/\/quintellaseguros.com.br\/index.php\/wp-json\/wp\/v2\/media?parent=14039"}],"curies":[{"name":"wp","href":"https:\/\/api.w.org\/{rel}","templated":true}]}}